{"id":3,"date":"2023-04-27T11:09:04","date_gmt":"2023-04-27T08:09:04","guid":{"rendered":"https:\/\/korttipiste.fi\/?page_id=3"},"modified":"2025-07-30T22:34:29","modified_gmt":"2025-07-30T19:34:29","slug":"tietosuojaseloste","status":"publish","type":"page","link":"https:\/\/korttipiste.fi\/sv\/tietosuojaseloste\/","title":{"rendered":"Tietosuojaseloste"},"content":{"rendered":"<div data-elementor-type=\"wp-page\" data-elementor-id=\"3\" class=\"elementor elementor-3\" data-elementor-post-type=\"page\">\n\t\t\t\t<div class=\"elementor-element elementor-element-4b87670e e-flex e-con-boxed e-con e-parent\" data-id=\"4b87670e\" data-element_type=\"container\">\n\t\t\t\t\t<div class=\"e-con-inner\">\n\t\t\t\t<div class=\"elementor-element elementor-element-3e712372 elementor-widget elementor-widget-text-editor\" data-id=\"3e712372\" data-element_type=\"widget\" data-widget_type=\"text-editor.default\">\n\t\t\t\t<div class=\"elementor-widget-container\">\n\t\t\t\t\t\t\t\t\t\n<p class=\"typography-b1r text-neutral-900 break-words\">SUOMEN KORTTIPISTE OY:N ASIAKASREKISTERIN TIETOSUOJASELOSTE<\/p>\n<p class=\"typography-b1r text-neutral-900 break-words\"><strong>1 Rekisterinpit\u00e4j\u00e4<\/strong><\/p>\n<p class=\"typography-b1r text-neutral-900 break-words\">Rekisterin rekisterinpit\u00e4j\u00e4 on Suomen Korttipiste Oy, y-tunnus 0174431-9<\/p>\n<p class=\"typography-b1r text-neutral-900 break-words\">Rekisteriasioiden yhteyshenkil\u00f6 on: Kalevi Koistinen, toimitusjohtaja<\/p>\n<p class=\"typography-b1r text-neutral-900 break-words\">Kuormaajantie 17, 40351 Jyv\u00e4skyl\u00e4<\/p>\n<p class=\"typography-b1r text-neutral-900 break-words\">asiakaspalvelu@korttipiste.fi<\/p>\n<p class=\"typography-b1r text-neutral-900 break-words\"><strong>2 Rekisterin nimi<\/strong><\/p>\n<p class=\"typography-b1r text-neutral-900 break-words\">Rekisterin nimi on Suomen Korttipiste Oy:n asiakasrekisteri.<\/p>\n<p class=\"typography-b1r text-neutral-900 break-words\"><strong>3 Henkil\u00f6tietojen k\u00e4sittelyn tarkoitus<\/strong><\/p>\n<p class=\"typography-b1r text-neutral-900 break-words\">Henkil\u00f6tietoja k\u00e4sitell\u00e4\u00e4n tarkoituksissa, jotka liittyv\u00e4t asiakassuhteen hoitamiseen, hallinnointiin ja kehitt\u00e4miseen, palvelujen tarjoamiseen ja toimittamiseen sek\u00e4 palvelujen kehitt\u00e4miseen ja laskutukseen liittyen. Henkil\u00f6tietoja k\u00e4sitell\u00e4\u00e4n my\u00f6s mahdollisten reklamaatioiden ja muiden vaatimusten selvitt\u00e4misen edellytt\u00e4miss\u00e4 tarkoituksissa.<\/p>\n<p class=\"typography-b1r text-neutral-900 break-words\">Lis\u00e4ksi henkil\u00f6tietoja k\u00e4sitell\u00e4\u00e4n asiakkaille suunnatussa viestinn\u00e4ss\u00e4 kuten tiedotus- ja uutisointitarkoituksissa sek\u00e4 markkinoinnissa, jonka osana henkil\u00f6tietoja k\u00e4sitell\u00e4\u00e4n my\u00f6s suoramarkkinointiin ja s\u00e4hk\u00f6iseen suoramarkkinointiin liittyviss\u00e4 tarkoituksissa.<\/p>\n<p class=\"typography-b1r text-neutral-900 break-words\">Asiakkaalla on oikeus kielt\u00e4\u00e4 h\u00e4nelle kohdistettu suoramarkkinointi.<\/p>\n<p class=\"typography-b1r text-neutral-900 break-words\">Rekisterinpit\u00e4j\u00e4 k\u00e4sittelee tietoja itse sek\u00e4 hy\u00f6dynt\u00e4\u00e4 henkil\u00f6tietojen k\u00e4sittelyss\u00e4 rekisterinpit\u00e4j\u00e4n puolesta ja lukuun toimivia alihankkijoita.<\/p>\n<p class=\"typography-b1r text-neutral-900 break-words\"><strong>4 K\u00e4sittelyn oikeusperusteet<\/strong><\/p>\n<p class=\"typography-b1r text-neutral-900 break-words\">Henkil\u00f6tietojen k\u00e4sittelyn oikeusperusteita ovat seuraavat EU:n yleisen tietosuoja-asetuksen (j\u00e4ljemp\u00e4n\u00e4 my\u00f6s \u201dGDPR\u201d) mukaiset perusteet:<\/p>\n<p class=\"typography-b1r text-neutral-900 break-words\">rekister\u00f6ity on antanut suostumuksensa henkil\u00f6tietojensa k\u00e4sittelyyn yht\u00e4 tai useampaa erityist\u00e4 tarkoitusta varten (GDPR 6 art. 1.a); k\u00e4sittely on tarpeen sellaisen sopimuksen t\u00e4yt\u00e4nt\u00f6\u00f6n panemiseksi, jossa rekister\u00f6ity on osapuolena, tai sopimuksen tekemist\u00e4 edelt\u00e4vien toimenpiteiden toteuttamiseksi rekister\u00f6idyn pyynn\u00f6st\u00e4 (GDPR 6 art. 1.b); k\u00e4sittely on tarpeen rekisterinpit\u00e4j\u00e4n tai kolmannen osapuolen oikeutettujen etujen toteuttamiseksi (GDPR 6 art. 1.f).<\/p>\n<p class=\"typography-b1r text-neutral-900 break-words\">Edell\u00e4 mainittu rekisterinpit\u00e4j\u00e4n oikeutettu etu perustuu rekister\u00f6idyn henkil\u00f6n ja rekisterinpit\u00e4j\u00e4n v\u00e4lill\u00e4 olevaan merkitykselliseen ja asianmukaiseen suhteeseen, joka on seurausta siit\u00e4, ett\u00e4 rekister\u00f6ity on rekisterinpit\u00e4j\u00e4n asiakas, ja kun k\u00e4sittely tapahtuu tarkoituksiin, joita rekister\u00f6ity on kohtuudella voinut odottaa henkil\u00f6tietojen ker\u00e4\u00e4misen ajankohtana ja asianmukaisen suhteen yhteydess\u00e4.<\/p>\n<p class=\"typography-b1r text-neutral-900 break-words\"><strong>5 Rekisterin tietosis\u00e4lt\u00f6 (k\u00e4sitelt\u00e4v\u00e4t henkil\u00f6tietoryhm\u00e4t)<\/strong><\/p>\n<p class=\"typography-b1r text-neutral-900 break-words\">Rekisteri sis\u00e4lt\u00e4\u00e4 seuraavat henkil\u00f6tiedot l\u00e4ht\u00f6kohtaisesti kaikista rekister\u00f6idyist\u00e4 henkil\u00f6ist\u00e4: henkil\u00f6n perustiedot ja yhteystiedot: etunimi, sukunimi, osoite, puhelinnumero, s\u00e4hk\u00f6postiosoite; henkil\u00f6n yritykseen tai muuhun organisaatioon liittyv\u00e4t tiedot ja henkil\u00f6n asema tai teht\u00e4v\u00e4nimike ko. yrityksess\u00e4 tai organisaatiossa; henkil\u00f6n suoramarkkinointiluvat ja -kiellot.<\/p>\n<p class=\"typography-b1r text-neutral-900 break-words\"><strong>6 S\u00e4\u00e4nn\u00f6nmukaiset tietol\u00e4hteet<\/strong><\/p>\n<p class=\"typography-b1r text-neutral-900 break-words\">Henkil\u00f6tietoja ker\u00e4t\u00e4\u00e4n rekister\u00f6idylt\u00e4 henkil\u00f6lt\u00e4 itselt\u00e4\u00e4n.<\/p>\n<p class=\"typography-b1r text-neutral-900 break-words\">Henkil\u00f6tietoja ker\u00e4t\u00e4\u00e4n ja p\u00e4ivitet\u00e4\u00e4n my\u00f6s sovellettavan lains\u00e4\u00e4d\u00e4nn\u00f6n rajoissa yleisesti saatavilla olevista l\u00e4hteist\u00e4, jotka liittyv\u00e4t rekisterinpit\u00e4j\u00e4n ja rekister\u00f6idyn henkil\u00f6n v\u00e4lisen asiakassuhteen toteuttamiseen ja joiden avulla rekisterinpit\u00e4j\u00e4 toteuttaa asiakassuhteiden yll\u00e4pit\u00e4miseen liittyvi\u00e4 velvollisuuksiaan.<\/p>\n<p class=\"typography-b1r text-neutral-900 break-words\"><strong>7 Henkil\u00f6tietojen s\u00e4ilytysaika<\/strong><\/p>\n<p class=\"typography-b1r text-neutral-900 break-words\">Rekisteriin ker\u00e4ttyj\u00e4 tietoja s\u00e4ilytet\u00e4\u00e4n ainoastaan niin kauan ja siin\u00e4 laajuudessa kuin on tarpeellista suhteessa niihin alkuper\u00e4isiin tai yhteensopiviin tarkoituksiin, joihin henkil\u00f6tiedot on ker\u00e4tty.<\/p>\n<p class=\"typography-b1r text-neutral-900 break-words\">Henkil\u00f6tietojen s\u00e4ilytt\u00e4misen tarvetta arvioidaan viiden vuoden v\u00e4lein, ja joka tapauksessa rekister\u00f6ity\u00e4 henkil\u00f6\u00e4 koskevat tiedot poistetaan rekisterist\u00e4 kuusi vuotta sen j\u00e4lkeen, kun kyseisen rekister\u00f6idyn asiakassuhde rekisterinpit\u00e4j\u00e4\u00e4n on p\u00e4\u00e4ttynyt, ja asiakassuhteeseen liittyv\u00e4t velvollisuudet ja toimenpiteet on suoritettu loppuun. Esimerkiksi kirjanpitotositteita s\u00e4ilytet\u00e4\u00e4n viisi vuotta tilikauden p\u00e4\u00e4ttymisest\u00e4.<\/p>\n<p class=\"typography-b1r text-neutral-900 break-words\">Rekisterinpit\u00e4j\u00e4 arvioi tietojen s\u00e4ilytt\u00e4misen tarpeellisuutta s\u00e4\u00e4nn\u00f6llisesti sis\u00e4isten k\u00e4yt\u00e4nnes\u00e4\u00e4nt\u00f6jens\u00e4 mukaisesti. Lis\u00e4ksi rekisterinpit\u00e4j\u00e4 toteuttaa kaikki mahdolliset kohtuulliset toimenpiteet sen varmistamiseksi, ett\u00e4 k\u00e4sittelyn tarkoituksiin n\u00e4hden ep\u00e4tarkat, virheelliset tai vanhentuneet henkil\u00f6tiedot poistetaan tai oikaistaan viipym\u00e4tt\u00e4.<\/p>\n<p class=\"typography-b1r text-neutral-900 break-words\"><strong>8 Henkil\u00f6tietojen vastaanottajat (vastaanottajaryhm\u00e4t) sek\u00e4 tietojen s\u00e4\u00e4nn\u00f6nmukaiset luovutukset<\/strong><\/p>\n<p class=\"typography-b1r text-neutral-900 break-words\">Henkil\u00f6tietoja ei luovuteta ulkopuolisille tahoille.<\/p>\n<p class=\"typography-b1r text-neutral-900 break-words\"><strong>9 Tietojen siirto EU:n tai ETA:n ulkopuolelle<\/strong><\/p>\n<p class=\"typography-b1r text-neutral-900 break-words\">Rekisteriin sis\u00e4ltyvi\u00e4 henkil\u00f6tietoja ei siirret\u00e4 EU:n tai ETA:n ulkopuolelle.<\/p>\n<p class=\"typography-b1r text-neutral-900 break-words\"><strong>10 Rekisterin suojauksen periaatteet<\/strong><\/p>\n<p class=\"typography-b1r text-neutral-900 break-words\">Henkil\u00f6tietoja sis\u00e4lt\u00e4vi\u00e4 aineistoja s\u00e4ilytet\u00e4\u00e4n lukituissa tiloissa, joihin on p\u00e4\u00e4sy ainoastaan nimetyill\u00e4 ja teht\u00e4viens\u00e4 vuoksi p\u00e4\u00e4syyn valtuutetuilla henkil\u00f6ill\u00e4.<\/p>\n<p class=\"typography-b1r text-neutral-900 break-words\">Henkil\u00f6tietoja sis\u00e4lt\u00e4v\u00e4 tietokanta on palvelimella, jota s\u00e4ilytet\u00e4\u00e4n lukitussa tilassa, johon on p\u00e4\u00e4sy ainoastaan nimetyill\u00e4 ja teht\u00e4viens\u00e4 vuoksi p\u00e4\u00e4syyn valtuutetuilla henkil\u00f6ill\u00e4. Palvelin on suojattu asianmukaisella palomuurilla ja teknisell\u00e4 suojauksella.<\/p>\n<p class=\"typography-b1r text-neutral-900 break-words\">Tietokantoihin ja j\u00e4rjestelmiin on p\u00e4\u00e4sy vain erikseen my\u00f6nnett\u00e4vill\u00e4 henkil\u00f6kohtaisilla k\u00e4ytt\u00e4j\u00e4tunnuksilla ja salasanoilla. Rekisterinpit\u00e4j\u00e4 on rajannut k\u00e4ytt\u00f6oikeudet ja -valtuudet tietoj\u00e4rjestelmiin ja muihin tallennusalustoihin siten, ett\u00e4 tietoja p\u00e4\u00e4sev\u00e4t tarkastelemaan ja k\u00e4sittelem\u00e4\u00e4n ainoastaan niiden lainmukaisen k\u00e4sittelyn kannalta tarpeelliset henkil\u00f6t. Lis\u00e4ksi tietokantojen ja j\u00e4rjestelmien k\u00e4ytt\u00f6tapahtumat rekister\u00f6ityv\u00e4t rekisterinpit\u00e4j\u00e4n IT-j\u00e4rjestelm\u00e4n lokitietoihin.<\/p>\n<p class=\"typography-b1r text-neutral-900 break-words\">Rekisterinpit\u00e4j\u00e4n ty\u00f6ntekij\u00e4t ja muut henkil\u00f6t ovat sitoutuneet noudattamaan vaitiolovelvollisuutta ja pit\u00e4m\u00e4\u00e4n salassa henkil\u00f6tietojen k\u00e4sittelyn yhteydess\u00e4 saamansa tiedot.<\/p>\n<p class=\"typography-b1r text-neutral-900 break-words\"><strong>11 Rekister\u00f6idyn oikeudet<\/strong><\/p>\n<p class=\"typography-b1r text-neutral-900 break-words\">Rekister\u00f6idyll\u00e4 on seuraavat EU:n yleisen tietosuoja-asetuksen mukaiset oikeudet:<\/p>\n<p class=\"typography-b1r text-neutral-900 break-words\">Oikeus saada rekisterinpit\u00e4j\u00e4lt\u00e4 vahvistus siit\u00e4, ett\u00e4 h\u00e4nt\u00e4 koskevia henkil\u00f6tietoja k\u00e4sitell\u00e4\u00e4n tai ett\u00e4 niit\u00e4 ei k\u00e4sitell\u00e4, ja jos n\u00e4it\u00e4 henkil\u00f6tietoja k\u00e4sitell\u00e4\u00e4n, oikeus saada p\u00e4\u00e4sy henkil\u00f6tietoihin sek\u00e4 seuraavat tiedot:<\/p>\n<p class=\"typography-b1r text-neutral-900 break-words\">(i) k\u00e4sittelyn tarkoitukset; (ii) kyseess\u00e4 olevat henkil\u00f6tietoryhm\u00e4t; (iii) vastaanottajat tai vastaanottajaryhm\u00e4t, joille henkil\u00f6tietoja on luovutettu tai on tarkoitus luovuttaa; (iv) mahdollisuuksien mukaan henkil\u00f6tietojen suunniteltu s\u00e4ilytysaika tai jos se ei ole mahdollista, t\u00e4m\u00e4n ajan m\u00e4\u00e4ritt\u00e4miskriteerit; (v) rekister\u00f6idyn oikeus pyyt\u00e4\u00e4 rekisterinpit\u00e4j\u00e4lt\u00e4 h\u00e4nt\u00e4 itse\u00e4\u00e4n koskevien henkil\u00f6tietojen oikaisemista tai poistamista taikka henkil\u00f6tietojen k\u00e4sittelyn rajoittamista tai vastustaa t\u00e4llaista k\u00e4sittely\u00e4; (vi) oikeus tehd\u00e4 valitus valvontaviranomaiselle; (vii) jos henkil\u00f6tietoja ei ker\u00e4t\u00e4 rekister\u00f6idylt\u00e4, kaikki tietojen alkuper\u00e4st\u00e4 k\u00e4ytett\u00e4viss\u00e4 olevat tiedot (GDPR 15 art.).<\/p>\n<p class=\"typography-b1r text-neutral-900 break-words\">N\u00e4m\u00e4 kuvatut perustiedot (i)\u2013(vii) annetaan rekister\u00f6idylle henkil\u00f6lle t\u00e4ll\u00e4 lomakkeella;<\/p>\n<p class=\"typography-b1r text-neutral-900 break-words\">oikeus peruuttaa suostumus milloin tahansa t\u00e4m\u00e4n vaikuttamatta suostumuksen perusteella ennen sen peruuttamista suoritetun k\u00e4sittelyn lainmukaisuuteen (GDPR 7 art.);<\/p>\n<p class=\"typography-b1r text-neutral-900 break-words\">oikeus vaatia, ett\u00e4 rekisterinpit\u00e4j\u00e4 oikaisee ilman aiheetonta viivytyst\u00e4 rekister\u00f6ity\u00e4 koskevat ep\u00e4tarkat ja virheelliset henkil\u00f6tiedot sek\u00e4 oikeus saada puutteelliset henkil\u00f6tiedot t\u00e4ydennetty\u00e4, muun muassa toimittamalla lis\u00e4selvitys ottaen huomioon tarkoitukset, joihin tietoja k\u00e4siteltiin (GDPR 16 art.);<\/p>\n<p class=\"typography-b1r text-neutral-900 break-words\">oikeus saada rekisterinpit\u00e4j\u00e4 poistamaan rekister\u00f6ity\u00e4 koskevat henkil\u00f6tiedot ilman aiheetonta viivytyst\u00e4, edellytt\u00e4en, ett\u00e4 (i) henkil\u00f6tietoja ei en\u00e4\u00e4 tarvita niihin tarkoituksiin, joita varten ne ker\u00e4ttiin tai joita varten niit\u00e4 muutoin k\u00e4siteltiin; (ii) rekister\u00f6ity peruuttaa suostumuksen, johon k\u00e4sittely on perustunut, eik\u00e4 k\u00e4sittelyyn ole muuta laillista perustetta; (iii) rekister\u00f6ity vastustaa k\u00e4sittely\u00e4 henkil\u00f6kohtaiseen erityiseen tilanteeseensa liittyv\u00e4ll\u00e4 perusteella eik\u00e4 k\u00e4sittelyyn ole olemassa perusteltua syyt\u00e4 tai rekister\u00f6ity vastustaa k\u00e4sittely\u00e4 suoramarkkinointitarkoituksia varten; (iv) henkil\u00f6tietoja on k\u00e4sitelty lainvastaisesti; tai (v) henkil\u00f6tiedot on poistettava unionin oikeuteen tai kansallisen lains\u00e4\u00e4d\u00e4nt\u00f6\u00f6n perustuvan rekisterinpit\u00e4j\u00e4\u00e4n sovellettavan lakis\u00e4\u00e4teisen velvoitteen noudattamiseksi (GDPR 17 art.);<\/p>\n<p class=\"typography-b1r text-neutral-900 break-words\">oikeus siihen, ett\u00e4 rekisterinpit\u00e4j\u00e4 rajoittaa k\u00e4sittely\u00e4, jos (i) rekister\u00f6ity kiist\u00e4\u00e4 henkil\u00f6tietojen paikkansapit\u00e4vyyden, jolloin k\u00e4sittely\u00e4 rajoitetaan ajaksi, jonka kuluessa rekisterinpit\u00e4j\u00e4 voi varmistaa niiden paikkansapit\u00e4vyyden; (ii) k\u00e4sittely on lainvastaista ja rekister\u00f6ity vastustaa henkil\u00f6tietojen poistamista ja vaatii sen sijaan niiden k\u00e4yt\u00f6n rajoittamista; (iii) rekisterinpit\u00e4j\u00e4 ei en\u00e4\u00e4 tarvitse kyseisi\u00e4 henkil\u00f6tietoja k\u00e4sittelyn tarkoituksiin, mutta rekister\u00f6ity tarvitsee niit\u00e4 oikeudellisen vaateen laatimiseksi, esitt\u00e4miseksi tai puolustamiseksi; tai (iv) rekister\u00f6ity on vastustanut henkil\u00f6tietojen k\u00e4sittely\u00e4 henkil\u00f6kohtaiseen erityiseen tilanteeseensa liittyv\u00e4ll\u00e4 perusteella odotettaessa sen todentamista, syrj\u00e4ytt\u00e4v\u00e4tk\u00f6 rekisterinpit\u00e4j\u00e4n oikeutetut perusteet rekister\u00f6idyn perusteet (GDPR 18 art.);<\/p>\n<p class=\"typography-b1r text-neutral-900 break-words\">oikeus saada itse\u00e4\u00e4n koskevat henkil\u00f6tiedot, jotka rekister\u00f6ity on toimittanut rekisterinpit\u00e4j\u00e4lle, j\u00e4sennellyss\u00e4, yleisesti k\u00e4ytetyss\u00e4 ja koneellisesti luettavassa muodossa, ja oikeus siirt\u00e4\u00e4 kyseiset tiedot toiselle rekisterinpit\u00e4j\u00e4lle sen rekisterinpit\u00e4j\u00e4n est\u00e4m\u00e4tt\u00e4, jolle henkil\u00f6tiedot on toimitettu, jos k\u00e4sittely perustuu asetuksen tarkoittamaan suostumukseen ja k\u00e4sittely suoritetaan automaattisesti (GDPR 20 art.);<\/p>\n<p class=\"typography-b1r text-neutral-900 break-words\">oikeus tehd\u00e4 valitus valvontaviranomaiselle jos rekister\u00f6ity katsoo, ett\u00e4 h\u00e4nt\u00e4 koskevien henkil\u00f6tietojen k\u00e4sittelyss\u00e4 rikotaan EU:n yleist\u00e4 tietosuoja-asetusta (GDPR 77 art.).<\/p>\n<p class=\"typography-b1r text-neutral-900 break-words\">Rekister\u00f6idyn oikeuksien toteuttamista koskevat pyynn\u00f6t osoitetaan kohdassa 1 mainitulle rekisterinpit\u00e4j\u00e4n yhteyshenkil\u00f6lle.<\/p>\n<p class=\"typography-b1r text-neutral-900 break-words\"><strong><span class=\"font-bold\">Ev\u00e4steet ja muuta huomioitavaa\u00a0<\/span><\/strong><\/p>\n<p class=\"typography-b1r text-neutral-900 break-words\">Hy\u00f6dynn\u00e4mme Google Analyticsia, Google Search Consolea ja Google Adsia sivustollamme analytiikassa ja suostumuksellasi my\u00f6s markkinoinnin kohdentamisessa. Googlelle l\u00e4hetett\u00e4v\u00e4 tieto on anonymisoitua.<\/p>\n\t\t\t\t\t\t\t\t<\/div>\n\t\t\t\t<\/div>\n\t\t\t\t\t<\/div>\n\t\t\t\t<\/div>\n\t\t\t\t<\/div>","protected":false},"excerpt":{"rendered":"<p>SUOMEN KORTTIPISTE OY:N ASIAKASREKISTERIN TIETOSUOJASELOSTE 1 Rekisterinpit\u00e4j\u00e4 Rekisterin rekisterinpit\u00e4j\u00e4 on Suomen Korttipiste Oy, y-tunnus 0174431-9 Rekisteriasioiden yhteyshenkil\u00f6 on: Kalevi Koistinen, toimitusjohtaja Kuormaajantie 17, 40351 Jyv\u00e4skyl\u00e4 asiakaspalvelu@korttipiste.fi 2 Rekisterin nimi Rekisterin nimi on Suomen Korttipiste Oy:n asiakasrekisteri. 3 Henkil\u00f6tietojen k\u00e4sittelyn tarkoitus Henkil\u00f6tietoja k\u00e4sitell\u00e4\u00e4n tarkoituksissa, jotka liittyv\u00e4t asiakassuhteen hoitamiseen, hallinnointiin ja kehitt\u00e4miseen, palvelujen tarjoamiseen ja toimittamiseen sek\u00e4 [&hellip;]<\/p>","protected":false},"author":1,"featured_media":0,"parent":0,"menu_order":0,"comment_status":"closed","ping_status":"open","template":"","meta":{"_acf_changed":false,"_improvement_type_select":"improve_an_existing","_thumb_yes_seoaic":false,"_frame_yes_seoaic":false,"seoaic_generate_description":"","seoaic_improve_instructions_prompt":"","seoaic_rollback_content_improvement":"","seoaic_idea_thumbnail_generator":"","thumbnail_generated":false,"thumbnail_generate_prompt":"","seoaic_article_description":"","footnotes":""},"class_list":["post-3","page","type-page","status-publish","hentry"],"acf":[],"yoast_head":"<!-- This site is optimized with the Yoast SEO plugin v26.3 - https:\/\/yoast.com\/wordpress\/plugins\/seo\/ -->\n<title>Tietosuojaseloste | Suomen korttipiste<\/title>\n<meta name=\"robots\" content=\"index, follow, max-snippet:-1, max-image-preview:large, max-video-preview:-1\" \/>\n<link rel=\"canonical\" href=\"https:\/\/korttipiste.fi\/sv\/tietosuojaseloste\/\" \/>\n<meta property=\"og:locale\" content=\"sv_SE\" \/>\n<meta property=\"og:type\" content=\"article\" \/>\n<meta property=\"og:title\" content=\"Tietosuojaseloste | Suomen korttipiste\" \/>\n<meta property=\"og:description\" content=\"SUOMEN KORTTIPISTE OY:N ASIAKASREKISTERIN TIETOSUOJASELOSTE 1 Rekisterinpit\u00e4j\u00e4 Rekisterin rekisterinpit\u00e4j\u00e4 on Suomen Korttipiste Oy, y-tunnus 0174431-9 Rekisteriasioiden yhteyshenkil\u00f6 on: Kalevi Koistinen, toimitusjohtaja Kuormaajantie 17, 40351 Jyv\u00e4skyl\u00e4 asiakaspalvelu@korttipiste.fi 2 Rekisterin nimi Rekisterin nimi on Suomen Korttipiste Oy:n asiakasrekisteri. 3 Henkil\u00f6tietojen k\u00e4sittelyn tarkoitus Henkil\u00f6tietoja k\u00e4sitell\u00e4\u00e4n tarkoituksissa, jotka liittyv\u00e4t asiakassuhteen hoitamiseen, hallinnointiin ja kehitt\u00e4miseen, palvelujen tarjoamiseen ja toimittamiseen sek\u00e4 [&hellip;]\" \/>\n<meta property=\"og:url\" content=\"https:\/\/korttipiste.fi\/sv\/tietosuojaseloste\/\" \/>\n<meta property=\"og:site_name\" content=\"Suomen korttipiste\" \/>\n<meta property=\"article:modified_time\" content=\"2025-07-30T19:34:29+00:00\" \/>\n<meta property=\"og:image\" content=\"https:\/\/korttipiste.fi\/wp-content\/uploads\/2023\/05\/korttipiste.jpg\" \/>\n\t<meta property=\"og:image:width\" content=\"1200\" \/>\n\t<meta property=\"og:image:height\" content=\"630\" \/>\n\t<meta property=\"og:image:type\" content=\"image\/jpeg\" \/>\n<meta name=\"twitter:card\" content=\"summary_large_image\" \/>\n<meta name=\"twitter:label1\" content=\"Ber\u00e4knad l\u00e4stid\" \/>\n\t<meta name=\"twitter:data1\" content=\"7 minuter\" \/>\n<script type=\"application\/ld+json\" class=\"yoast-schema-graph\">{\"@context\":\"https:\/\/schema.org\",\"@graph\":[{\"@type\":\"WebPage\",\"@id\":\"https:\/\/korttipiste.fi\/tietosuojaseloste\/\",\"url\":\"https:\/\/korttipiste.fi\/tietosuojaseloste\/\",\"name\":\"Tietosuojaseloste | Suomen korttipiste\",\"isPartOf\":{\"@id\":\"https:\/\/korttipiste.fi\/#website\"},\"datePublished\":\"2023-04-27T08:09:04+00:00\",\"dateModified\":\"2025-07-30T19:34:29+00:00\",\"breadcrumb\":{\"@id\":\"https:\/\/korttipiste.fi\/tietosuojaseloste\/#breadcrumb\"},\"inLanguage\":\"sv-SE\",\"potentialAction\":[{\"@type\":\"ReadAction\",\"target\":[\"https:\/\/korttipiste.fi\/tietosuojaseloste\/\"]}]},{\"@type\":\"BreadcrumbList\",\"@id\":\"https:\/\/korttipiste.fi\/tietosuojaseloste\/#breadcrumb\",\"itemListElement\":[{\"@type\":\"ListItem\",\"position\":1,\"name\":\"Etusivu\",\"item\":\"https:\/\/korttipiste.fi\/\"},{\"@type\":\"ListItem\",\"position\":2,\"name\":\"Tietosuojaseloste\"}]},{\"@type\":\"WebSite\",\"@id\":\"https:\/\/korttipiste.fi\/#website\",\"url\":\"https:\/\/korttipiste.fi\/\",\"name\":\"Suomen Korttipiste | Suuri tunteiden v\u00e4litt\u00e4j\u00e4\",\"description\":\"Karto ja Paletti ovat yhdess\u00e4 Suomen Korttipiste. Olemme v\u00e4litt\u00e4neet tunteita ja olleet mukana ihmisten el\u00e4m\u00e4n koko kirjossa jo vuosikymmenien ajan. Koko Suomi tuntee.\",\"publisher\":{\"@id\":\"https:\/\/korttipiste.fi\/#organization\"},\"alternateName\":\"Suomen Korttipiste\",\"potentialAction\":[{\"@type\":\"SearchAction\",\"target\":{\"@type\":\"EntryPoint\",\"urlTemplate\":\"https:\/\/korttipiste.fi\/?s={search_term_string}\"},\"query-input\":{\"@type\":\"PropertyValueSpecification\",\"valueRequired\":true,\"valueName\":\"search_term_string\"}}],\"inLanguage\":\"sv-SE\"},{\"@type\":\"Organization\",\"@id\":\"https:\/\/korttipiste.fi\/#organization\",\"name\":\"Suomen Korttipiste | Suuri tunteiden v\u00e4litt\u00e4j\u00e4\",\"url\":\"https:\/\/korttipiste.fi\/\",\"logo\":{\"@type\":\"ImageObject\",\"inLanguage\":\"sv-SE\",\"@id\":\"https:\/\/korttipiste.fi\/#\/schema\/logo\/image\/\",\"url\":\"https:\/\/korttipiste.fi\/wp-content\/uploads\/2023\/04\/pysty_musta_line.svg\",\"contentUrl\":\"https:\/\/korttipiste.fi\/wp-content\/uploads\/2023\/04\/pysty_musta_line.svg\",\"width\":1175,\"height\":1363,\"caption\":\"Suomen Korttipiste | Suuri tunteiden v\u00e4litt\u00e4j\u00e4\"},\"image\":{\"@id\":\"https:\/\/korttipiste.fi\/#\/schema\/logo\/image\/\"}}]}<\/script>\n<!-- \/ Yoast SEO plugin. -->","yoast_head_json":{"title":"Tietosuojaseloste | Suomen korttipiste","robots":{"index":"index","follow":"follow","max-snippet":"max-snippet:-1","max-image-preview":"max-image-preview:large","max-video-preview":"max-video-preview:-1"},"canonical":"https:\/\/korttipiste.fi\/sv\/tietosuojaseloste\/","og_locale":"sv_SE","og_type":"article","og_title":"Tietosuojaseloste | Suomen korttipiste","og_description":"SUOMEN KORTTIPISTE OY:N ASIAKASREKISTERIN TIETOSUOJASELOSTE 1 Rekisterinpit\u00e4j\u00e4 Rekisterin rekisterinpit\u00e4j\u00e4 on Suomen Korttipiste Oy, y-tunnus 0174431-9 Rekisteriasioiden yhteyshenkil\u00f6 on: Kalevi Koistinen, toimitusjohtaja Kuormaajantie 17, 40351 Jyv\u00e4skyl\u00e4 asiakaspalvelu@korttipiste.fi 2 Rekisterin nimi Rekisterin nimi on Suomen Korttipiste Oy:n asiakasrekisteri. 3 Henkil\u00f6tietojen k\u00e4sittelyn tarkoitus Henkil\u00f6tietoja k\u00e4sitell\u00e4\u00e4n tarkoituksissa, jotka liittyv\u00e4t asiakassuhteen hoitamiseen, hallinnointiin ja kehitt\u00e4miseen, palvelujen tarjoamiseen ja toimittamiseen sek\u00e4 [&hellip;]","og_url":"https:\/\/korttipiste.fi\/sv\/tietosuojaseloste\/","og_site_name":"Suomen korttipiste","article_modified_time":"2025-07-30T19:34:29+00:00","og_image":[{"width":1200,"height":630,"url":"https:\/\/korttipiste.fi\/wp-content\/uploads\/2023\/05\/korttipiste.jpg","type":"image\/jpeg"}],"twitter_card":"summary_large_image","twitter_misc":{"Ber\u00e4knad l\u00e4stid":"7 minuter"},"schema":{"@context":"https:\/\/schema.org","@graph":[{"@type":"WebPage","@id":"https:\/\/korttipiste.fi\/tietosuojaseloste\/","url":"https:\/\/korttipiste.fi\/tietosuojaseloste\/","name":"Tietosuojaseloste | Suomen korttipiste","isPartOf":{"@id":"https:\/\/korttipiste.fi\/#website"},"datePublished":"2023-04-27T08:09:04+00:00","dateModified":"2025-07-30T19:34:29+00:00","breadcrumb":{"@id":"https:\/\/korttipiste.fi\/tietosuojaseloste\/#breadcrumb"},"inLanguage":"sv-SE","potentialAction":[{"@type":"ReadAction","target":["https:\/\/korttipiste.fi\/tietosuojaseloste\/"]}]},{"@type":"BreadcrumbList","@id":"https:\/\/korttipiste.fi\/tietosuojaseloste\/#breadcrumb","itemListElement":[{"@type":"ListItem","position":1,"name":"Etusivu","item":"https:\/\/korttipiste.fi\/"},{"@type":"ListItem","position":2,"name":"Tietosuojaseloste"}]},{"@type":"WebSite","@id":"https:\/\/korttipiste.fi\/#website","url":"https:\/\/korttipiste.fi\/","name":"Suomen Korttipiste | Suuri tunteiden v\u00e4litt\u00e4j\u00e4","description":"Karto ja Paletti ovat yhdess\u00e4 Suomen Korttipiste. Olemme v\u00e4litt\u00e4neet tunteita ja olleet mukana ihmisten el\u00e4m\u00e4n koko kirjossa jo vuosikymmenien ajan. Koko Suomi tuntee.","publisher":{"@id":"https:\/\/korttipiste.fi\/#organization"},"alternateName":"Suomen Korttipiste","potentialAction":[{"@type":"SearchAction","target":{"@type":"EntryPoint","urlTemplate":"https:\/\/korttipiste.fi\/?s={search_term_string}"},"query-input":{"@type":"PropertyValueSpecification","valueRequired":true,"valueName":"search_term_string"}}],"inLanguage":"sv-SE"},{"@type":"Organization","@id":"https:\/\/korttipiste.fi\/#organization","name":"Suomen Korttipiste | Suuri tunteiden v\u00e4litt\u00e4j\u00e4","url":"https:\/\/korttipiste.fi\/","logo":{"@type":"ImageObject","inLanguage":"sv-SE","@id":"https:\/\/korttipiste.fi\/#\/schema\/logo\/image\/","url":"https:\/\/korttipiste.fi\/wp-content\/uploads\/2023\/04\/pysty_musta_line.svg","contentUrl":"https:\/\/korttipiste.fi\/wp-content\/uploads\/2023\/04\/pysty_musta_line.svg","width":1175,"height":1363,"caption":"Suomen Korttipiste | Suuri tunteiden v\u00e4litt\u00e4j\u00e4"},"image":{"@id":"https:\/\/korttipiste.fi\/#\/schema\/logo\/image\/"}}]}},"_links":{"self":[{"href":"https:\/\/korttipiste.fi\/sv\/wp-json\/wp\/v2\/pages\/3","targetHints":{"allow":["GET"]}}],"collection":[{"href":"https:\/\/korttipiste.fi\/sv\/wp-json\/wp\/v2\/pages"}],"about":[{"href":"https:\/\/korttipiste.fi\/sv\/wp-json\/wp\/v2\/types\/page"}],"author":[{"embeddable":true,"href":"https:\/\/korttipiste.fi\/sv\/wp-json\/wp\/v2\/users\/1"}],"replies":[{"embeddable":true,"href":"https:\/\/korttipiste.fi\/sv\/wp-json\/wp\/v2\/comments?post=3"}],"version-history":[{"count":3,"href":"https:\/\/korttipiste.fi\/sv\/wp-json\/wp\/v2\/pages\/3\/revisions"}],"predecessor-version":[{"id":4086,"href":"https:\/\/korttipiste.fi\/sv\/wp-json\/wp\/v2\/pages\/3\/revisions\/4086"}],"wp:attachment":[{"href":"https:\/\/korttipiste.fi\/sv\/wp-json\/wp\/v2\/media?parent=3"}],"curies":[{"name":"wp","href":"https:\/\/api.w.org\/{rel}","templated":true}]}}